{"id":16889,"date":"2020-04-14T20:30:55","date_gmt":"2020-04-14T20:30:55","guid":{"rendered":"https:\/\/sffd.ch\/les-centres-de-competence\/linselspital\/"},"modified":"2022-10-09T09:09:13","modified_gmt":"2022-10-09T09:09:13","slug":"linselspital","status":"publish","type":"page","link":"https:\/\/sffd.ch\/fr\/les-centres-de-competence\/linselspital\/","title":{"rendered":"L\u2019Inselspital"},"content":{"rendered":"<div class=\"wpb-content-wrapper\"><p>[vc_row css_animation=\u00a0\u00bb\u00a0\u00bb row_type=\u00a0\u00bbrow\u00a0\u00bb use_row_as_full_screen_section=\u00a0\u00bbno\u00a0\u00bb type=\u00a0\u00bbfull_width\u00a0\u00bb angled_section=\u00a0\u00bbno\u00a0\u00bb text_align=\u00a0\u00bbleft\u00a0\u00bb background_image_as_pattern=\u00a0\u00bbwithout_pattern\u00a0\u00bb][vc_column][vc_column_text]<\/p>\n<h1>L\u2019Inselspital<\/h1>\n<div id=\"s3gt_translate_tooltip_mini\" class=\"s3gt_translate_tooltip_mini_box\" style=\"background: initial !important; border: initial !important; border-radius: initial !important; border-spacing: initial !important; border-collapse: initial !important; direction: ltr !important; flex-direction: initial !important; font-weight: initial !important; height: initial !important; letter-spacing: initial !important; min-width: initial !important; max-width: initial !important; min-height: initial !important; max-height: initial !important; margin: auto !important; outline: initial !important; padding: initial !important; position: absolute; table-layout: initial !important; text-align: initial !important; text-shadow: initial !important; width: initial !important; word-break: initial !important; word-spacing: initial !important; overflow-wrap: initial !important; box-sizing: initial !important; display: initial !important; color: inherit !important; font-size: 13px !important; font-family: X-LocaleSpecific, sans-serif, Tahoma, Helvetica !important; line-height: 13px !important; vertical-align: top !important; white-space: inherit !important; left: 78px; top: 35px; opacity: 0.3;\">\n<div id=\"s3gt_translate_tooltip_mini_logo\" class=\"s3gt_translate_tooltip_mini\" title=\"Markierten Text \u00fcbersetzen\"><\/div>\n<div id=\"s3gt_translate_tooltip_mini_sound\" class=\"s3gt_translate_tooltip_mini\" title=\"Abspielen\"><\/div>\n<div id=\"s3gt_translate_tooltip_mini_copy\" class=\"s3gt_translate_tooltip_mini\" title=\"In Zwischenablage kopieren\"><\/div>\n<\/div>\n<div id=\"s3gt_translate_tooltip_mini\" class=\"s3gt_translate_tooltip_mini_box\" style=\"background: initial !important; border: initial !important; border-radius: initial !important; border-spacing: initial !important; border-collapse: initial !important; direction: ltr !important; flex-direction: initial !important; font-weight: initial !important; height: initial !important; letter-spacing: initial !important; min-width: initial !important; max-width: initial !important; min-height: initial !important; max-height: initial !important; margin: auto !important; outline: initial !important; padding: initial !important; position: absolute; table-layout: initial !important; text-align: initial !important; text-shadow: initial !important; width: initial !important; word-break: initial !important; word-spacing: initial !important; overflow-wrap: initial !important; box-sizing: initial !important; display: initial !important; color: inherit !important; font-size: 13px !important; font-family: X-LocaleSpecific, sans-serif, Tahoma, Helvetica !important; line-height: 13px !important; vertical-align: top !important; white-space: inherit !important; left: 143px; top: 35px; opacity: 0.1;\">\n<div id=\"s3gt_translate_tooltip_mini_logo\" class=\"s3gt_translate_tooltip_mini\" title=\"Markierten Text \u00fcbersetzen\"><\/div>\n<div id=\"s3gt_translate_tooltip_mini_sound\" class=\"s3gt_translate_tooltip_mini\" title=\"Abspielen\"><\/div>\n<div id=\"s3gt_translate_tooltip_mini_copy\" class=\"s3gt_translate_tooltip_mini\" title=\"In Zwischenablage kopieren\"><\/div>\n<\/div>\n<p>[\/vc_column_text][vc_separator type=\u00a0\u00bbtransparent\u00a0\u00bb][\/vc_column][\/vc_row][vc_row css_animation=\u00a0\u00bb\u00a0\u00bb row_type=\u00a0\u00bbrow\u00a0\u00bb use_row_as_full_screen_section=\u00a0\u00bbno\u00a0\u00bb type=\u00a0\u00bbfull_width\u00a0\u00bb angled_section=\u00a0\u00bbno\u00a0\u00bb text_align=\u00a0\u00bbleft\u00a0\u00bb background_image_as_pattern=\u00a0\u00bbwithout_pattern\u00a0\u00bb][vc_column][vc_column_text]Les patients de Suisse centrale peuvent se rapprocher de Prof. Dr. med. U. Huynh-Do. Gr\u00e2ce \u00e0 ses nombreuses ann\u00e9es d\u2019exp\u00e9rience clinique et de soutien pour les patients atteints de la maladie de Fabry, pr\u00e9sents \u00e0 L\u2019Inselspital et capables de fournir toutes sortes de pr\u00e9cisions, les personnes touch\u00e9es peuvent b\u00e9n\u00e9ficier de soins professionnels mais simples.<\/p>\n<p>&nbsp;<\/p>\n<p>L&rsquo;Inselspital travaille en \u00e9troite collaboration avec l&rsquo;USZ, le Centre de Suisse orientale et le CHUV:<\/p>\n<ul>\n<li>discussion des probl\u00e8mes relatifs au suivi des patients<\/li>\n<li>\u00e9change d\u2019informations<\/li>\n<li>transfert du savoir<\/li>\n<li>discussion interdisciplinaire de cas complexes<\/li>\n<\/ul>\n<p>[\/vc_column_text][vc_separator type=\u00a0\u00bbtransparent\u00a0\u00bb][\/vc_column][\/vc_row][vc_row css_animation=\u00a0\u00bb\u00a0\u00bb row_type=\u00a0\u00bbrow\u00a0\u00bb use_row_as_full_screen_section=\u00a0\u00bbno\u00a0\u00bb type=\u00a0\u00bbfull_width\u00a0\u00bb angled_section=\u00a0\u00bbno\u00a0\u00bb text_align=\u00a0\u00bbleft\u00a0\u00bb background_image_as_pattern=\u00a0\u00bbwithout_pattern\u00a0\u00bb][vc_column][vc_widget_sidebar sidebar_id=\u00a0\u00bbsidebar\u00a0\u00bb][\/vc_column][\/vc_row][vc_row css_animation=\u00a0\u00bb\u00a0\u00bb row_type=\u00a0\u00bbrow\u00a0\u00bb use_row_as_full_screen_section=\u00a0\u00bbno\u00a0\u00bb type=\u00a0\u00bbfull_width\u00a0\u00bb angled_section=\u00a0\u00bbno\u00a0\u00bb text_align=\u00a0\u00bbleft\u00a0\u00bb background_image_as_pattern=\u00a0\u00bbwithout_pattern\u00a0\u00bb][vc_column][vc_separator type=\u00a0\u00bbtransparent\u00a0\u00bb][\/vc_column][\/vc_row]<\/p>\n<\/div>","protected":false},"excerpt":{"rendered":"<p>[vc_row css_animation=\u00a0\u00bb\u00a0\u00bb row_type=\u00a0\u00bbrow\u00a0\u00bb use_row_as_full_screen_section=\u00a0\u00bbno\u00a0\u00bb type=\u00a0\u00bbfull_width\u00a0\u00bb angled_section=\u00a0\u00bbno\u00a0\u00bb text_align=\u00a0\u00bbleft\u00a0\u00bb background_image_as_pattern=\u00a0\u00bbwithout_pattern\u00a0\u00bb][vc_column][vc_column_text] L\u2019Inselspital [\/vc_column_text][vc_separator type=\u00a0\u00bbtransparent\u00a0\u00bb][\/vc_column][\/vc_row][vc_row css_animation=\u00a0\u00bb\u00a0\u00bb row_type=\u00a0\u00bbrow\u00a0\u00bb use_row_as_full_screen_section=\u00a0\u00bbno\u00a0\u00bb type=\u00a0\u00bbfull_width\u00a0\u00bb angled_section=\u00a0\u00bbno\u00a0\u00bb text_align=\u00a0\u00bbleft\u00a0\u00bb background_image_as_pattern=\u00a0\u00bbwithout_pattern\u00a0\u00bb][vc_column][vc_column_text]Les patients de Suisse centrale peuvent se rapprocher de Prof. Dr. med. U. Huynh-Do. Gr\u00e2ce \u00e0 ses nombreuses ann\u00e9es d\u2019exp\u00e9rience clinique et de soutien pour les patients atteints&#8230;<\/p>\n","protected":false},"author":1,"featured_media":0,"parent":16212,"menu_order":0,"comment_status":"closed","ping_status":"closed","template":"","meta":{"footnotes":""},"class_list":["post-16889","page","type-page","status-publish","hentry"],"yoast_head":"<!-- This site is optimized with the Yoast SEO plugin v27.4 - https:\/\/yoast.com\/product\/yoast-seo-wordpress\/ -->\n<title>L\u2019Inselspital - SFFD<\/title>\n<meta name=\"robots\" content=\"index, follow, max-snippet:-1, max-image-preview:large, max-video-preview:-1\" \/>\n<link rel=\"canonical\" href=\"https:\/\/sffd.ch\/fr\/les-centres-de-competence\/linselspital\/\" \/>\n<meta property=\"og:locale\" content=\"fr_FR\" \/>\n<meta property=\"og:type\" content=\"article\" \/>\n<meta property=\"og:title\" content=\"L\u2019Inselspital - SFFD\" \/>\n<meta property=\"og:description\" content=\"[vc_row css_animation=\u00a0\u00bb\u00a0\u00bb row_type=\u00a0\u00bbrow\u00a0\u00bb use_row_as_full_screen_section=\u00a0\u00bbno\u00a0\u00bb type=\u00a0\u00bbfull_width\u00a0\u00bb angled_section=\u00a0\u00bbno\u00a0\u00bb text_align=\u00a0\u00bbleft\u00a0\u00bb background_image_as_pattern=\u00a0\u00bbwithout_pattern\u00a0\u00bb][vc_column][vc_column_text] L\u2019Inselspital [\/vc_column_text][vc_separator type=\u00a0\u00bbtransparent\u00a0\u00bb][\/vc_column][\/vc_row][vc_row css_animation=\u00a0\u00bb\u00a0\u00bb row_type=\u00a0\u00bbrow\u00a0\u00bb use_row_as_full_screen_section=\u00a0\u00bbno\u00a0\u00bb type=\u00a0\u00bbfull_width\u00a0\u00bb angled_section=\u00a0\u00bbno\u00a0\u00bb text_align=\u00a0\u00bbleft\u00a0\u00bb background_image_as_pattern=\u00a0\u00bbwithout_pattern\u00a0\u00bb][vc_column][vc_column_text]Les patients de Suisse centrale peuvent se rapprocher de Prof. Dr. med. U. Huynh-Do. Gr\u00e2ce \u00e0 ses nombreuses ann\u00e9es d\u2019exp\u00e9rience clinique et de soutien pour les patients atteints...\" \/>\n<meta property=\"og:url\" content=\"https:\/\/sffd.ch\/fr\/les-centres-de-competence\/linselspital\/\" \/>\n<meta property=\"og:site_name\" content=\"SFFD\" \/>\n<meta property=\"article:modified_time\" content=\"2022-10-09T09:09:13+00:00\" \/>\n<meta name=\"twitter:card\" content=\"summary_large_image\" \/>\n<meta name=\"twitter:label1\" content=\"Dur\u00e9e de lecture estim\u00e9e\" \/>\n\t<meta name=\"twitter:data1\" content=\"1 minute\" \/>\n<script type=\"application\/ld+json\" class=\"yoast-schema-graph\">{\"@context\":\"https:\\\/\\\/schema.org\",\"@graph\":[{\"@type\":\"WebPage\",\"@id\":\"https:\\\/\\\/sffd.ch\\\/fr\\\/les-centres-de-competence\\\/linselspital\\\/\",\"url\":\"https:\\\/\\\/sffd.ch\\\/fr\\\/les-centres-de-competence\\\/linselspital\\\/\",\"name\":\"L\u2019Inselspital - SFFD\",\"isPartOf\":{\"@id\":\"https:\\\/\\\/sffd.ch\\\/#website\"},\"datePublished\":\"2020-04-14T20:30:55+00:00\",\"dateModified\":\"2022-10-09T09:09:13+00:00\",\"breadcrumb\":{\"@id\":\"https:\\\/\\\/sffd.ch\\\/fr\\\/les-centres-de-competence\\\/linselspital\\\/#breadcrumb\"},\"inLanguage\":\"fr-FR\",\"potentialAction\":[{\"@type\":\"ReadAction\",\"target\":[\"https:\\\/\\\/sffd.ch\\\/fr\\\/les-centres-de-competence\\\/linselspital\\\/\"]}]},{\"@type\":\"BreadcrumbList\",\"@id\":\"https:\\\/\\\/sffd.ch\\\/fr\\\/les-centres-de-competence\\\/linselspital\\\/#breadcrumb\",\"itemListElement\":[{\"@type\":\"ListItem\",\"position\":1,\"name\":\"Startseite\",\"item\":\"https:\\\/\\\/sffd.ch\\\/fr\\\/\"},{\"@type\":\"ListItem\",\"position\":2,\"name\":\"Les centres de comp\u00e9tence\",\"item\":\"https:\\\/\\\/sffd.ch\\\/fr\\\/les-centres-de-competence\\\/\"},{\"@type\":\"ListItem\",\"position\":3,\"name\":\"L\u2019Inselspital\"}]},{\"@type\":\"WebSite\",\"@id\":\"https:\\\/\\\/sffd.ch\\\/#website\",\"url\":\"https:\\\/\\\/sffd.ch\\\/\",\"name\":\"SFFD\",\"description\":\"Swiss Foundation of Fabry Disease\",\"potentialAction\":[{\"@type\":\"SearchAction\",\"target\":{\"@type\":\"EntryPoint\",\"urlTemplate\":\"https:\\\/\\\/sffd.ch\\\/?s={search_term_string}\"},\"query-input\":{\"@type\":\"PropertyValueSpecification\",\"valueRequired\":true,\"valueName\":\"search_term_string\"}}],\"inLanguage\":\"fr-FR\"}]}<\/script>\n<!-- \/ Yoast SEO plugin. -->","yoast_head_json":{"title":"L\u2019Inselspital - SFFD","robots":{"index":"index","follow":"follow","max-snippet":"max-snippet:-1","max-image-preview":"max-image-preview:large","max-video-preview":"max-video-preview:-1"},"canonical":"https:\/\/sffd.ch\/fr\/les-centres-de-competence\/linselspital\/","og_locale":"fr_FR","og_type":"article","og_title":"L\u2019Inselspital - SFFD","og_description":"[vc_row css_animation=\u00a0\u00bb\u00a0\u00bb row_type=\u00a0\u00bbrow\u00a0\u00bb use_row_as_full_screen_section=\u00a0\u00bbno\u00a0\u00bb type=\u00a0\u00bbfull_width\u00a0\u00bb angled_section=\u00a0\u00bbno\u00a0\u00bb text_align=\u00a0\u00bbleft\u00a0\u00bb background_image_as_pattern=\u00a0\u00bbwithout_pattern\u00a0\u00bb][vc_column][vc_column_text] L\u2019Inselspital [\/vc_column_text][vc_separator type=\u00a0\u00bbtransparent\u00a0\u00bb][\/vc_column][\/vc_row][vc_row css_animation=\u00a0\u00bb\u00a0\u00bb row_type=\u00a0\u00bbrow\u00a0\u00bb use_row_as_full_screen_section=\u00a0\u00bbno\u00a0\u00bb type=\u00a0\u00bbfull_width\u00a0\u00bb angled_section=\u00a0\u00bbno\u00a0\u00bb text_align=\u00a0\u00bbleft\u00a0\u00bb background_image_as_pattern=\u00a0\u00bbwithout_pattern\u00a0\u00bb][vc_column][vc_column_text]Les patients de Suisse centrale peuvent se rapprocher de Prof. Dr. med. U. Huynh-Do. Gr\u00e2ce \u00e0 ses nombreuses ann\u00e9es d\u2019exp\u00e9rience clinique et de soutien pour les patients atteints...","og_url":"https:\/\/sffd.ch\/fr\/les-centres-de-competence\/linselspital\/","og_site_name":"SFFD","article_modified_time":"2022-10-09T09:09:13+00:00","twitter_card":"summary_large_image","twitter_misc":{"Dur\u00e9e de lecture estim\u00e9e":"1 minute"},"schema":{"@context":"https:\/\/schema.org","@graph":[{"@type":"WebPage","@id":"https:\/\/sffd.ch\/fr\/les-centres-de-competence\/linselspital\/","url":"https:\/\/sffd.ch\/fr\/les-centres-de-competence\/linselspital\/","name":"L\u2019Inselspital - SFFD","isPartOf":{"@id":"https:\/\/sffd.ch\/#website"},"datePublished":"2020-04-14T20:30:55+00:00","dateModified":"2022-10-09T09:09:13+00:00","breadcrumb":{"@id":"https:\/\/sffd.ch\/fr\/les-centres-de-competence\/linselspital\/#breadcrumb"},"inLanguage":"fr-FR","potentialAction":[{"@type":"ReadAction","target":["https:\/\/sffd.ch\/fr\/les-centres-de-competence\/linselspital\/"]}]},{"@type":"BreadcrumbList","@id":"https:\/\/sffd.ch\/fr\/les-centres-de-competence\/linselspital\/#breadcrumb","itemListElement":[{"@type":"ListItem","position":1,"name":"Startseite","item":"https:\/\/sffd.ch\/fr\/"},{"@type":"ListItem","position":2,"name":"Les centres de comp\u00e9tence","item":"https:\/\/sffd.ch\/fr\/les-centres-de-competence\/"},{"@type":"ListItem","position":3,"name":"L\u2019Inselspital"}]},{"@type":"WebSite","@id":"https:\/\/sffd.ch\/#website","url":"https:\/\/sffd.ch\/","name":"SFFD","description":"Swiss Foundation of Fabry Disease","potentialAction":[{"@type":"SearchAction","target":{"@type":"EntryPoint","urlTemplate":"https:\/\/sffd.ch\/?s={search_term_string}"},"query-input":{"@type":"PropertyValueSpecification","valueRequired":true,"valueName":"search_term_string"}}],"inLanguage":"fr-FR"}]}},"_links":{"self":[{"href":"https:\/\/sffd.ch\/fr\/wp-json\/wp\/v2\/pages\/16889","targetHints":{"allow":["GET"]}}],"collection":[{"href":"https:\/\/sffd.ch\/fr\/wp-json\/wp\/v2\/pages"}],"about":[{"href":"https:\/\/sffd.ch\/fr\/wp-json\/wp\/v2\/types\/page"}],"author":[{"embeddable":true,"href":"https:\/\/sffd.ch\/fr\/wp-json\/wp\/v2\/users\/1"}],"replies":[{"embeddable":true,"href":"https:\/\/sffd.ch\/fr\/wp-json\/wp\/v2\/comments?post=16889"}],"version-history":[{"count":8,"href":"https:\/\/sffd.ch\/fr\/wp-json\/wp\/v2\/pages\/16889\/revisions"}],"predecessor-version":[{"id":16983,"href":"https:\/\/sffd.ch\/fr\/wp-json\/wp\/v2\/pages\/16889\/revisions\/16983"}],"up":[{"embeddable":true,"href":"https:\/\/sffd.ch\/fr\/wp-json\/wp\/v2\/pages\/16212"}],"wp:attachment":[{"href":"https:\/\/sffd.ch\/fr\/wp-json\/wp\/v2\/media?parent=16889"}],"curies":[{"name":"wp","href":"https:\/\/api.w.org\/{rel}","templated":true}]}}