{"id":16213,"date":"2017-12-13T14:42:40","date_gmt":"2017-12-13T14:42:40","guid":{"rendered":"https:\/\/sffd.ch\/les-centres-de-competence\/centre-hospitalier-universitaire-vaudois\/"},"modified":"2022-10-09T09:10:28","modified_gmt":"2022-10-09T09:10:28","slug":"centre-hospitalier-universitaire-vaudois","status":"publish","type":"page","link":"https:\/\/sffd.ch\/fr\/les-centres-de-competence\/centre-hospitalier-universitaire-vaudois\/","title":{"rendered":"Centre hospitalier universitaire vaudois"},"content":{"rendered":"<div class=\"wpb-content-wrapper\"><p>[vc_row css_animation=\u00a0\u00bb\u00a0\u00bb row_type=\u00a0\u00bbrow\u00a0\u00bb use_row_as_full_screen_section=\u00a0\u00bbno\u00a0\u00bb type=\u00a0\u00bbfull_width\u00a0\u00bb angled_section=\u00a0\u00bbno\u00a0\u00bb text_align=\u00a0\u00bbleft\u00a0\u00bb background_image_as_pattern=\u00a0\u00bbwithout_pattern\u00a0\u00bb][vc_column][vc_column_text]<\/p>\n<h1>Centre hospitalier universitaire vaudois<\/h1>\n<div id=\"s3gt_translate_tooltip_mini\" class=\"s3gt_translate_tooltip_mini_box\" style=\"background: initial !important; border: initial !important; border-radius: initial !important; border-spacing: initial !important; border-collapse: initial !important; direction: ltr !important; flex-direction: initial !important; font-weight: initial !important; height: initial !important; letter-spacing: initial !important; min-width: initial !important; max-width: initial !important; min-height: initial !important; max-height: initial !important; margin: auto !important; outline: initial !important; padding: initial !important; position: absolute; table-layout: initial !important; text-align: initial !important; text-shadow: initial !important; width: initial !important; word-break: initial !important; word-spacing: initial !important; overflow-wrap: initial !important; box-sizing: initial !important; display: initial !important; color: inherit !important; font-size: 13px !important; font-family: X-LocaleSpecific, sans-serif, Tahoma, Helvetica !important; line-height: 13px !important; vertical-align: top !important; white-space: inherit !important; left: 10px; top: 35px; opacity: 0.15;\">\n<div id=\"s3gt_translate_tooltip_mini_logo\" class=\"s3gt_translate_tooltip_mini\" title=\"Markierten Text \u00fcbersetzen\"><\/div>\n<div id=\"s3gt_translate_tooltip_mini_sound\" class=\"s3gt_translate_tooltip_mini\" title=\"Abspielen\"><\/div>\n<div id=\"s3gt_translate_tooltip_mini_copy\" class=\"s3gt_translate_tooltip_mini\" title=\"In Zwischenablage kopieren\"><\/div>\n<\/div>\n<div id=\"s3gt_translate_tooltip_mini\" class=\"s3gt_translate_tooltip_mini_box\" style=\"background: initial !important; border: initial !important; border-radius: initial !important; border-spacing: initial !important; border-collapse: initial !important; direction: ltr !important; flex-direction: initial !important; font-weight: initial !important; height: initial !important; letter-spacing: initial !important; min-width: initial !important; max-width: initial !important; min-height: initial !important; max-height: initial !important; margin: auto !important; outline: initial !important; padding: initial !important; position: absolute; table-layout: initial !important; text-align: initial !important; text-shadow: initial !important; width: initial !important; word-break: initial !important; word-spacing: initial !important; overflow-wrap: initial !important; box-sizing: initial !important; display: initial !important; color: inherit !important; font-size: 13px !important; font-family: X-LocaleSpecific, sans-serif, Tahoma, Helvetica !important; line-height: 13px !important; vertical-align: top !important; white-space: inherit !important; left: 254px; top: 38px; opacity: 0.1;\">\n<div id=\"s3gt_translate_tooltip_mini_logo\" class=\"s3gt_translate_tooltip_mini\" title=\"Markierten Text \u00fcbersetzen\"><\/div>\n<div id=\"s3gt_translate_tooltip_mini_sound\" class=\"s3gt_translate_tooltip_mini\" title=\"Abspielen\"><\/div>\n<div id=\"s3gt_translate_tooltip_mini_copy\" class=\"s3gt_translate_tooltip_mini\" title=\"In Zwischenablage kopieren\"><\/div>\n<\/div>\n<p>[\/vc_column_text][vc_separator type=\u00a0\u00bbtransparent\u00a0\u00bb][\/vc_column][\/vc_row][vc_row css_animation=\u00a0\u00bb\u00a0\u00bb row_type=\u00a0\u00bbrow\u00a0\u00bb use_row_as_full_screen_section=\u00a0\u00bbno\u00a0\u00bb type=\u00a0\u00bbfull_width\u00a0\u00bb angled_section=\u00a0\u00bbno\u00a0\u00bb text_align=\u00a0\u00bbleft\u00a0\u00bb background_image_as_pattern=\u00a0\u00bbwithout_pattern\u00a0\u00bb][vc_column][vc_column_text]La cohorte du CHUV comporte une cinquantaine de patients atteints de la maladie de Fabry. Les patients sont suivis de fa\u00e7on interdisciplinaire par le PD Dr Fr\u00e9d\u00e9ric Barbey et son \u00e9quipe et convoqu\u00e9s chaque ann\u00e9e pour le contr\u00f4le annuel de la maladie de Fabry.<\/p>\n<p>&nbsp;<\/p>\n<p>Les deux centres de comp\u00e9tences Fabry que sont l\u2019USZ \u00e0 Zurich et le CHUV \u00e0 Lausanne collaborent \u00e9troitement.<\/p>\n<ul>\n<li>discussion des probl\u00e8mes relatifs au suivi des patients<\/li>\n<li>\u00e9change d&rsquo;informations<\/li>\n<li>transfert du savoir<\/li>\n<li>discussion interdisciplinaire de cas complexes<\/li>\n<\/ul>\n<p>[\/vc_column_text][vc_separator type=\u00a0\u00bbtransparent\u00a0\u00bb][\/vc_column][\/vc_row][vc_row css_animation=\u00a0\u00bb\u00a0\u00bb row_type=\u00a0\u00bbrow\u00a0\u00bb use_row_as_full_screen_section=\u00a0\u00bbno\u00a0\u00bb type=\u00a0\u00bbfull_width\u00a0\u00bb angled_section=\u00a0\u00bbno\u00a0\u00bb text_align=\u00a0\u00bbleft\u00a0\u00bb background_image_as_pattern=\u00a0\u00bbwithout_pattern\u00a0\u00bb][vc_column][vc_widget_sidebar sidebar_id=\u00a0\u00bbsidebar\u00a0\u00bb][\/vc_column][\/vc_row][vc_row css_animation=\u00a0\u00bb\u00a0\u00bb row_type=\u00a0\u00bbrow\u00a0\u00bb use_row_as_full_screen_section=\u00a0\u00bbno\u00a0\u00bb type=\u00a0\u00bbfull_width\u00a0\u00bb angled_section=\u00a0\u00bbno\u00a0\u00bb text_align=\u00a0\u00bbleft\u00a0\u00bb background_image_as_pattern=\u00a0\u00bbwithout_pattern\u00a0\u00bb][vc_column][vc_separator type=\u00a0\u00bbtransparent\u00a0\u00bb][\/vc_column][\/vc_row]<\/p>\n<\/div>","protected":false},"excerpt":{"rendered":"<p>[vc_row css_animation=\u00a0\u00bb\u00a0\u00bb row_type=\u00a0\u00bbrow\u00a0\u00bb use_row_as_full_screen_section=\u00a0\u00bbno\u00a0\u00bb type=\u00a0\u00bbfull_width\u00a0\u00bb angled_section=\u00a0\u00bbno\u00a0\u00bb text_align=\u00a0\u00bbleft\u00a0\u00bb background_image_as_pattern=\u00a0\u00bbwithout_pattern\u00a0\u00bb][vc_column][vc_column_text] Centre hospitalier universitaire vaudois [\/vc_column_text][vc_separator type=\u00a0\u00bbtransparent\u00a0\u00bb][\/vc_column][\/vc_row][vc_row css_animation=\u00a0\u00bb\u00a0\u00bb row_type=\u00a0\u00bbrow\u00a0\u00bb use_row_as_full_screen_section=\u00a0\u00bbno\u00a0\u00bb type=\u00a0\u00bbfull_width\u00a0\u00bb angled_section=\u00a0\u00bbno\u00a0\u00bb text_align=\u00a0\u00bbleft\u00a0\u00bb background_image_as_pattern=\u00a0\u00bbwithout_pattern\u00a0\u00bb][vc_column][vc_column_text]La cohorte du CHUV comporte une cinquantaine de patients atteints de la maladie de Fabry. Les patients sont suivis de fa\u00e7on interdisciplinaire par le PD&#8230;<\/p>\n","protected":false},"author":1,"featured_media":0,"parent":16212,"menu_order":0,"comment_status":"closed","ping_status":"closed","template":"","meta":{"footnotes":""},"class_list":["post-16213","page","type-page","status-publish","hentry"],"yoast_head":"<!-- This site is optimized with the Yoast SEO plugin v27.4 - https:\/\/yoast.com\/product\/yoast-seo-wordpress\/ -->\n<title>Centre hospitalier universitaire vaudois - SFFD<\/title>\n<meta name=\"robots\" content=\"index, follow, max-snippet:-1, max-image-preview:large, max-video-preview:-1\" \/>\n<link rel=\"canonical\" href=\"https:\/\/sffd.ch\/fr\/les-centres-de-competence\/centre-hospitalier-universitaire-vaudois\/\" \/>\n<meta property=\"og:locale\" content=\"fr_FR\" \/>\n<meta property=\"og:type\" content=\"article\" \/>\n<meta property=\"og:title\" content=\"Centre hospitalier universitaire vaudois - SFFD\" \/>\n<meta property=\"og:description\" content=\"[vc_row css_animation=\u00a0\u00bb\u00a0\u00bb row_type=\u00a0\u00bbrow\u00a0\u00bb use_row_as_full_screen_section=\u00a0\u00bbno\u00a0\u00bb type=\u00a0\u00bbfull_width\u00a0\u00bb angled_section=\u00a0\u00bbno\u00a0\u00bb text_align=\u00a0\u00bbleft\u00a0\u00bb background_image_as_pattern=\u00a0\u00bbwithout_pattern\u00a0\u00bb][vc_column][vc_column_text] Centre hospitalier universitaire vaudois [\/vc_column_text][vc_separator type=\u00a0\u00bbtransparent\u00a0\u00bb][\/vc_column][\/vc_row][vc_row css_animation=\u00a0\u00bb\u00a0\u00bb row_type=\u00a0\u00bbrow\u00a0\u00bb use_row_as_full_screen_section=\u00a0\u00bbno\u00a0\u00bb type=\u00a0\u00bbfull_width\u00a0\u00bb angled_section=\u00a0\u00bbno\u00a0\u00bb text_align=\u00a0\u00bbleft\u00a0\u00bb background_image_as_pattern=\u00a0\u00bbwithout_pattern\u00a0\u00bb][vc_column][vc_column_text]La cohorte du CHUV comporte une cinquantaine de patients atteints de la maladie de Fabry. Les patients sont suivis de fa\u00e7on interdisciplinaire par le PD...\" \/>\n<meta property=\"og:url\" content=\"https:\/\/sffd.ch\/fr\/les-centres-de-competence\/centre-hospitalier-universitaire-vaudois\/\" \/>\n<meta property=\"og:site_name\" content=\"SFFD\" \/>\n<meta property=\"article:modified_time\" content=\"2022-10-09T09:10:28+00:00\" \/>\n<meta name=\"twitter:card\" content=\"summary_large_image\" \/>\n<meta name=\"twitter:label1\" content=\"Dur\u00e9e de lecture estim\u00e9e\" \/>\n\t<meta name=\"twitter:data1\" content=\"1 minute\" \/>\n<script type=\"application\/ld+json\" class=\"yoast-schema-graph\">{\"@context\":\"https:\\\/\\\/schema.org\",\"@graph\":[{\"@type\":\"WebPage\",\"@id\":\"https:\\\/\\\/sffd.ch\\\/fr\\\/les-centres-de-competence\\\/centre-hospitalier-universitaire-vaudois\\\/\",\"url\":\"https:\\\/\\\/sffd.ch\\\/fr\\\/les-centres-de-competence\\\/centre-hospitalier-universitaire-vaudois\\\/\",\"name\":\"Centre hospitalier universitaire vaudois - SFFD\",\"isPartOf\":{\"@id\":\"https:\\\/\\\/sffd.ch\\\/#website\"},\"datePublished\":\"2017-12-13T14:42:40+00:00\",\"dateModified\":\"2022-10-09T09:10:28+00:00\",\"breadcrumb\":{\"@id\":\"https:\\\/\\\/sffd.ch\\\/fr\\\/les-centres-de-competence\\\/centre-hospitalier-universitaire-vaudois\\\/#breadcrumb\"},\"inLanguage\":\"fr-FR\",\"potentialAction\":[{\"@type\":\"ReadAction\",\"target\":[\"https:\\\/\\\/sffd.ch\\\/fr\\\/les-centres-de-competence\\\/centre-hospitalier-universitaire-vaudois\\\/\"]}]},{\"@type\":\"BreadcrumbList\",\"@id\":\"https:\\\/\\\/sffd.ch\\\/fr\\\/les-centres-de-competence\\\/centre-hospitalier-universitaire-vaudois\\\/#breadcrumb\",\"itemListElement\":[{\"@type\":\"ListItem\",\"position\":1,\"name\":\"Startseite\",\"item\":\"https:\\\/\\\/sffd.ch\\\/fr\\\/\"},{\"@type\":\"ListItem\",\"position\":2,\"name\":\"Les centres de comp\u00e9tence\",\"item\":\"https:\\\/\\\/sffd.ch\\\/fr\\\/les-centres-de-competence\\\/\"},{\"@type\":\"ListItem\",\"position\":3,\"name\":\"Centre hospitalier universitaire vaudois\"}]},{\"@type\":\"WebSite\",\"@id\":\"https:\\\/\\\/sffd.ch\\\/#website\",\"url\":\"https:\\\/\\\/sffd.ch\\\/\",\"name\":\"SFFD\",\"description\":\"Swiss Foundation of Fabry Disease\",\"potentialAction\":[{\"@type\":\"SearchAction\",\"target\":{\"@type\":\"EntryPoint\",\"urlTemplate\":\"https:\\\/\\\/sffd.ch\\\/?s={search_term_string}\"},\"query-input\":{\"@type\":\"PropertyValueSpecification\",\"valueRequired\":true,\"valueName\":\"search_term_string\"}}],\"inLanguage\":\"fr-FR\"}]}<\/script>\n<!-- \/ Yoast SEO plugin. -->","yoast_head_json":{"title":"Centre hospitalier universitaire vaudois - SFFD","robots":{"index":"index","follow":"follow","max-snippet":"max-snippet:-1","max-image-preview":"max-image-preview:large","max-video-preview":"max-video-preview:-1"},"canonical":"https:\/\/sffd.ch\/fr\/les-centres-de-competence\/centre-hospitalier-universitaire-vaudois\/","og_locale":"fr_FR","og_type":"article","og_title":"Centre hospitalier universitaire vaudois - SFFD","og_description":"[vc_row css_animation=\u00a0\u00bb\u00a0\u00bb row_type=\u00a0\u00bbrow\u00a0\u00bb use_row_as_full_screen_section=\u00a0\u00bbno\u00a0\u00bb type=\u00a0\u00bbfull_width\u00a0\u00bb angled_section=\u00a0\u00bbno\u00a0\u00bb text_align=\u00a0\u00bbleft\u00a0\u00bb background_image_as_pattern=\u00a0\u00bbwithout_pattern\u00a0\u00bb][vc_column][vc_column_text] Centre hospitalier universitaire vaudois [\/vc_column_text][vc_separator type=\u00a0\u00bbtransparent\u00a0\u00bb][\/vc_column][\/vc_row][vc_row css_animation=\u00a0\u00bb\u00a0\u00bb row_type=\u00a0\u00bbrow\u00a0\u00bb use_row_as_full_screen_section=\u00a0\u00bbno\u00a0\u00bb type=\u00a0\u00bbfull_width\u00a0\u00bb angled_section=\u00a0\u00bbno\u00a0\u00bb text_align=\u00a0\u00bbleft\u00a0\u00bb background_image_as_pattern=\u00a0\u00bbwithout_pattern\u00a0\u00bb][vc_column][vc_column_text]La cohorte du CHUV comporte une cinquantaine de patients atteints de la maladie de Fabry. Les patients sont suivis de fa\u00e7on interdisciplinaire par le PD...","og_url":"https:\/\/sffd.ch\/fr\/les-centres-de-competence\/centre-hospitalier-universitaire-vaudois\/","og_site_name":"SFFD","article_modified_time":"2022-10-09T09:10:28+00:00","twitter_card":"summary_large_image","twitter_misc":{"Dur\u00e9e de lecture estim\u00e9e":"1 minute"},"schema":{"@context":"https:\/\/schema.org","@graph":[{"@type":"WebPage","@id":"https:\/\/sffd.ch\/fr\/les-centres-de-competence\/centre-hospitalier-universitaire-vaudois\/","url":"https:\/\/sffd.ch\/fr\/les-centres-de-competence\/centre-hospitalier-universitaire-vaudois\/","name":"Centre hospitalier universitaire vaudois - SFFD","isPartOf":{"@id":"https:\/\/sffd.ch\/#website"},"datePublished":"2017-12-13T14:42:40+00:00","dateModified":"2022-10-09T09:10:28+00:00","breadcrumb":{"@id":"https:\/\/sffd.ch\/fr\/les-centres-de-competence\/centre-hospitalier-universitaire-vaudois\/#breadcrumb"},"inLanguage":"fr-FR","potentialAction":[{"@type":"ReadAction","target":["https:\/\/sffd.ch\/fr\/les-centres-de-competence\/centre-hospitalier-universitaire-vaudois\/"]}]},{"@type":"BreadcrumbList","@id":"https:\/\/sffd.ch\/fr\/les-centres-de-competence\/centre-hospitalier-universitaire-vaudois\/#breadcrumb","itemListElement":[{"@type":"ListItem","position":1,"name":"Startseite","item":"https:\/\/sffd.ch\/fr\/"},{"@type":"ListItem","position":2,"name":"Les centres de comp\u00e9tence","item":"https:\/\/sffd.ch\/fr\/les-centres-de-competence\/"},{"@type":"ListItem","position":3,"name":"Centre hospitalier universitaire vaudois"}]},{"@type":"WebSite","@id":"https:\/\/sffd.ch\/#website","url":"https:\/\/sffd.ch\/","name":"SFFD","description":"Swiss Foundation of Fabry Disease","potentialAction":[{"@type":"SearchAction","target":{"@type":"EntryPoint","urlTemplate":"https:\/\/sffd.ch\/?s={search_term_string}"},"query-input":{"@type":"PropertyValueSpecification","valueRequired":true,"valueName":"search_term_string"}}],"inLanguage":"fr-FR"}]}},"_links":{"self":[{"href":"https:\/\/sffd.ch\/fr\/wp-json\/wp\/v2\/pages\/16213","targetHints":{"allow":["GET"]}}],"collection":[{"href":"https:\/\/sffd.ch\/fr\/wp-json\/wp\/v2\/pages"}],"about":[{"href":"https:\/\/sffd.ch\/fr\/wp-json\/wp\/v2\/types\/page"}],"author":[{"embeddable":true,"href":"https:\/\/sffd.ch\/fr\/wp-json\/wp\/v2\/users\/1"}],"replies":[{"embeddable":true,"href":"https:\/\/sffd.ch\/fr\/wp-json\/wp\/v2\/comments?post=16213"}],"version-history":[{"count":11,"href":"https:\/\/sffd.ch\/fr\/wp-json\/wp\/v2\/pages\/16213\/revisions"}],"predecessor-version":[{"id":16986,"href":"https:\/\/sffd.ch\/fr\/wp-json\/wp\/v2\/pages\/16213\/revisions\/16986"}],"up":[{"embeddable":true,"href":"https:\/\/sffd.ch\/fr\/wp-json\/wp\/v2\/pages\/16212"}],"wp:attachment":[{"href":"https:\/\/sffd.ch\/fr\/wp-json\/wp\/v2\/media?parent=16213"}],"curies":[{"name":"wp","href":"https:\/\/api.w.org\/{rel}","templated":true}]}}