{"id":16204,"date":"2017-12-13T14:35:42","date_gmt":"2017-12-13T14:35:42","guid":{"rendered":"https:\/\/sffd.ch\/fondation-sffd\/conseil\/"},"modified":"2022-11-24T18:00:43","modified_gmt":"2022-11-24T18:00:43","slug":"conseil","status":"publish","type":"page","link":"https:\/\/sffd.ch\/fr\/fondation-sffd\/conseil\/","title":{"rendered":"Conseil"},"content":{"rendered":"<div class=\"wpb-content-wrapper\"><p>[vc_row css_animation=\u00a0\u00bb\u00a0\u00bb row_type=\u00a0\u00bbrow\u00a0\u00bb use_row_as_full_screen_section=\u00a0\u00bbno\u00a0\u00bb type=\u00a0\u00bbfull_width\u00a0\u00bb angled_section=\u00a0\u00bbno\u00a0\u00bb text_align=\u00a0\u00bbleft\u00a0\u00bb background_image_as_pattern=\u00a0\u00bbwithout_pattern\u00a0\u00bb][vc_column][vc_column_text]<\/p>\n<h1>Vorstand<\/h1>\n<div id=\"s3gt_translate_tooltip_mini\" class=\"s3gt_translate_tooltip_mini_box\" style=\"background: initial !important; border: initial !important; border-radius: initial !important; border-spacing: initial !important; border-collapse: initial !important; direction: ltr !important; flex-direction: initial !important; font-weight: initial !important; height: initial !important; letter-spacing: initial !important; min-width: initial !important; max-width: initial !important; min-height: initial !important; max-height: initial !important; margin: auto !important; outline: initial !important; padding: initial !important; position: absolute; table-layout: initial !important; text-align: initial !important; text-shadow: initial !important; width: initial !important; word-break: initial !important; word-spacing: initial !important; overflow-wrap: initial !important; box-sizing: initial !important; display: initial !important; color: inherit !important; font-size: 13px !important; font-family: X-LocaleSpecific, sans-serif, Tahoma, Helvetica !important; line-height: 13px !important; vertical-align: top !important; white-space: inherit !important; left: 16px; top: 35px; opacity: 0.15;\">\n<div id=\"s3gt_translate_tooltip_mini_logo\" class=\"s3gt_translate_tooltip_mini\" title=\"Markierten Text \u00fcbersetzen\"><\/div>\n<div id=\"s3gt_translate_tooltip_mini_sound\" class=\"s3gt_translate_tooltip_mini\" title=\"Abspielen\"><\/div>\n<div id=\"s3gt_translate_tooltip_mini_copy\" class=\"s3gt_translate_tooltip_mini\" title=\"In Zwischenablage kopieren\"><\/div>\n<\/div>\n<div id=\"s3gt_translate_tooltip_mini\" class=\"s3gt_translate_tooltip_mini_box\" style=\"background: initial !important; border: initial !important; border-radius: initial !important; border-spacing: initial !important; border-collapse: initial !important; direction: ltr !important; flex-direction: initial !important; font-weight: initial !important; height: initial !important; letter-spacing: initial !important; min-width: initial !important; max-width: initial !important; min-height: initial !important; max-height: initial !important; margin: auto !important; outline: initial !important; padding: initial !important; position: absolute; table-layout: initial !important; text-align: initial !important; text-shadow: initial !important; width: initial !important; word-break: initial !important; word-spacing: initial !important; overflow-wrap: initial !important; box-sizing: initial !important; display: initial !important; color: inherit !important; font-size: 13px !important; font-family: X-LocaleSpecific, sans-serif, Tahoma, Helvetica !important; line-height: 13px !important; vertical-align: top !important; white-space: inherit !important; left: 90px; top: 35px;\">\n<div id=\"s3gt_translate_tooltip_mini_logo\" class=\"s3gt_translate_tooltip_mini\" title=\"Markierten Text \u00fcbersetzen\"><\/div>\n<div id=\"s3gt_translate_tooltip_mini_sound\" class=\"s3gt_translate_tooltip_mini\" title=\"Abspielen\"><\/div>\n<div id=\"s3gt_translate_tooltip_mini_copy\" class=\"s3gt_translate_tooltip_mini\" title=\"In Zwischenablage kopieren\"><\/div>\n<\/div>\n<p>[\/vc_column_text][vc_separator type=\u00a0\u00bbtransparent\u00a0\u00bb][vc_separator type=\u00a0\u00bbtransparent\u00a0\u00bb][\/vc_column][\/vc_row][vc_row css_animation=\u00a0\u00bb\u00a0\u00bb row_type=\u00a0\u00bbrow\u00a0\u00bb use_row_as_full_screen_section=\u00a0\u00bbno\u00a0\u00bb type=\u00a0\u00bbfull_width\u00a0\u00bb angled_section=\u00a0\u00bbno\u00a0\u00bb text_align=\u00a0\u00bbleft\u00a0\u00bb background_image_as_pattern=\u00a0\u00bbwithout_pattern\u00a0\u00bb z_index=\u00a0\u00bb\u00a0\u00bb][vc_column width=\u00a0\u00bb1\/6&Prime;][vc_column_text]<img loading=\"lazy\" decoding=\"async\" class=\"wp-image-15929 size-full alignleft\" src=\"https:\/\/sffd.ch\/wp-content\/uploads\/2017\/12\/barbey_fre\u0301de\u0301ric.jpg\" alt=\"\" width=\"110\" height=\"140\" \/>[\/vc_column_text][\/vc_column][vc_column width=\u00a0\u00bb5\/6&Prime;][vc_separator type=\u00a0\u00bbtransparent\u00a0\u00bb][vc_column_text]<\/p>\n<h6>Pr\u00e9sident,<\/h6>\n<h6>PD Dr. med. Fr\u00e9d\u00e9ric Barbey<\/h6>\n<p><a href=\"m&#97;&#105;&#x6c;&#x74;o&#58;&#102;&#x72;&#x65;&#x64;e&#114;&#105;&#x63;&#x2e;ba&#114;&#x62;&#x65;&#x79;&#64;&#99;&#104;&#x75;&#x76;&#46;c&#104;\">&#x66;r&#x65;&#100;&#x65;&#114;i&#x63;&#46;&#x62;&#97;r&#x62;&#101;&#x79;&#64;c&#x68;u&#x76;&#46;&#x63;&#x68;<\/a>[\/vc_column_text][\/vc_column][\/vc_row][vc_row css_animation=\u00a0\u00bb\u00a0\u00bb row_type=\u00a0\u00bbrow\u00a0\u00bb use_row_as_full_screen_section=\u00a0\u00bbno\u00a0\u00bb type=\u00a0\u00bbfull_width\u00a0\u00bb angled_section=\u00a0\u00bbno\u00a0\u00bb text_align=\u00a0\u00bbleft\u00a0\u00bb background_image_as_pattern=\u00a0\u00bbwithout_pattern\u00a0\u00bb][vc_column][vc_separator type=\u00a0\u00bbtransparent\u00a0\u00bb][vc_separator type=\u00a0\u00bbtransparent\u00a0\u00bb][\/vc_column][\/vc_row][vc_row css_animation=\u00a0\u00bb\u00a0\u00bb row_type=\u00a0\u00bbrow\u00a0\u00bb use_row_as_full_screen_section=\u00a0\u00bbno\u00a0\u00bb type=\u00a0\u00bbfull_width\u00a0\u00bb angled_section=\u00a0\u00bbno\u00a0\u00bb text_align=\u00a0\u00bbleft\u00a0\u00bb background_image_as_pattern=\u00a0\u00bbwithout_pattern\u00a0\u00bb z_index=\u00a0\u00bb\u00a0\u00bb][vc_column width=\u00a0\u00bb1\/6&Prime;][vc_column_text]<img loading=\"lazy\" decoding=\"async\" class=\"size-full wp-image-15921 alignleft\" src=\"https:\/\/sffd.ch\/wp-content\/uploads\/2017\/12\/pierre_kreienbu\u0308hl.jpg\" alt=\"\" width=\"110\" height=\"140\" \/><br \/>\n[\/vc_column_text][\/vc_column][vc_column width=\u00a0\u00bb5\/6&Prime;][vc_separator type=\u00a0\u00bbtransparent\u00a0\u00bb][vc_column_text]<\/p>\n<h6>Prof. Dr. med. Pierre A. Krayenb\u00fchl, eMBA HSG<\/h6>\n<p><a href=\"&#x6d;&#x61;&#x69;&#x6c;&#x74;&#x6f;&#x3a;&#x50;&#x69;&#x65;&#x72;&#x72;&#x65;&#x2d;&#x41;&#x6c;&#x65;&#x78;&#x61;&#x6e;&#x64;&#x72;&#x65;&#x2e;&#x4b;&#x72;&#x61;&#x79;&#x65;&#x6e;&#x62;&#x75;&#x65;&#x68;&#x6c;&#x40;&#x73;&#x66;&#x66;&#x64;&#x2e;&#x63;&#x68;\">&#x50;i&#x65;&#114;&#x72;&#101;-&#x41;&#108;&#x65;&#120;a&#x6e;&#100;&#x72;&#101;&#46;&#x4b;r&#x61;&#121;&#x65;&#x6e;b&#x75;&#101;&#x68;&#108;&#64;&#x73;&#102;&#x66;&#100;&#46;&#x63;h<\/a><\/p>\n<div id=\"s3gt_translate_tooltip_mini\" class=\"s3gt_translate_tooltip_mini_box\" style=\"background: initial !important; border: initial !important; border-radius: initial !important; border-spacing: initial !important; border-collapse: initial !important; direction: ltr !important; flex-direction: initial !important; font-weight: initial !important; height: initial !important; letter-spacing: initial !important; min-width: initial !important; max-width: initial !important; min-height: initial !important; max-height: initial !important; margin: auto !important; outline: initial !important; padding: initial !important; position: absolute; table-layout: initial !important; text-align: initial !important; text-shadow: initial !important; width: initial !important; word-break: initial !important; word-spacing: initial !important; overflow-wrap: initial !important; box-sizing: initial !important; display: initial !important; color: inherit !important; font-size: 13px !important; font-family: X-LocaleSpecific, sans-serif, Tahoma, Helvetica !important; line-height: 13px !important; vertical-align: top !important; white-space: inherit !important; left: 10px; top: 35px; opacity: 0.3;\">\n<div id=\"s3gt_translate_tooltip_mini_logo\" class=\"s3gt_translate_tooltip_mini\" title=\"Markierten Text \u00fcbersetzen\"><\/div>\n<div id=\"s3gt_translate_tooltip_mini_sound\" class=\"s3gt_translate_tooltip_mini\" title=\"Abspielen\"><\/div>\n<div id=\"s3gt_translate_tooltip_mini_copy\" class=\"s3gt_translate_tooltip_mini\" title=\"In Zwischenablage kopieren\"><\/div>\n<\/div>\n<p>[\/vc_column_text][\/vc_column][\/vc_row][vc_row css_animation=\u00a0\u00bb\u00a0\u00bb row_type=\u00a0\u00bbrow\u00a0\u00bb use_row_as_full_screen_section=\u00a0\u00bbno\u00a0\u00bb type=\u00a0\u00bbfull_width\u00a0\u00bb angled_section=\u00a0\u00bbno\u00a0\u00bb text_align=\u00a0\u00bbleft\u00a0\u00bb background_image_as_pattern=\u00a0\u00bbwithout_pattern\u00a0\u00bb][vc_column][vc_separator type=\u00a0\u00bbtransparent\u00a0\u00bb][vc_separator type=\u00a0\u00bbtransparent\u00a0\u00bb][\/vc_column][\/vc_row][vc_row css_animation=\u00a0\u00bb\u00a0\u00bb row_type=\u00a0\u00bbrow\u00a0\u00bb use_row_as_full_screen_section=\u00a0\u00bbno\u00a0\u00bb type=\u00a0\u00bbfull_width\u00a0\u00bb angled_section=\u00a0\u00bbno\u00a0\u00bb text_align=\u00a0\u00bbleft\u00a0\u00bb background_image_as_pattern=\u00a0\u00bbwithout_pattern\u00a0\u00bb][vc_column width=\u00a0\u00bb1\/6&Prime;][vc_column_text]<img loading=\"lazy\" decoding=\"async\" class=\"wp-image-15932 size-full alignleft\" src=\"https:\/\/sffd.ch\/wp-content\/uploads\/2017\/12\/albina_nowak.jpg\" alt=\"\" width=\"110\" height=\"140\" \/><br \/>\n[\/vc_column_text][\/vc_column][vc_column width=\u00a0\u00bb5\/6&Prime;][vc_separator type=\u00a0\u00bbtransparent\u00a0\u00bb][vc_column_text]<\/p>\n<h6>PD Dr. med. Albina Nowak<\/h6>\n<p><a href=\"mailto&#58;&#97;&#108;&#98;&#105;&#110;&#97;&#x2e;&#x6e;&#x6f;&#x77;&#x61;&#x6b;&#x40;&#x75;&#x73;&#x7a;&#x2e;&#x63;h\">&#x61;&#108;b&#x69;&#x6e;&#97;&#46;&#x6e;&#x6f;&#119;a&#x6b;&#x40;&#117;s&#x7a;&#x2e;&#99;h<\/a>[\/vc_column_text][\/vc_column][\/vc_row][vc_row css_animation=\u00a0\u00bb\u00a0\u00bb row_type=\u00a0\u00bbrow\u00a0\u00bb use_row_as_full_screen_section=\u00a0\u00bbno\u00a0\u00bb type=\u00a0\u00bbfull_width\u00a0\u00bb angled_section=\u00a0\u00bbno\u00a0\u00bb text_align=\u00a0\u00bbleft\u00a0\u00bb background_image_as_pattern=\u00a0\u00bbwithout_pattern\u00a0\u00bb][vc_column][vc_separator type=\u00a0\u00bbtransparent\u00a0\u00bb][vc_separator type=\u00a0\u00bbtransparent\u00a0\u00bb][\/vc_column][\/vc_row][vc_row css_animation=\u00a0\u00bb\u00a0\u00bb row_type=\u00a0\u00bbrow\u00a0\u00bb use_row_as_full_screen_section=\u00a0\u00bbno\u00a0\u00bb type=\u00a0\u00bbfull_width\u00a0\u00bb angled_section=\u00a0\u00bbno\u00a0\u00bb text_align=\u00a0\u00bbleft\u00a0\u00bb background_image_as_pattern=\u00a0\u00bbwithout_pattern\u00a0\u00bb][vc_column width=\u00a0\u00bb1\/6&Prime;][vc_column_text]<img loading=\"lazy\" decoding=\"async\" class=\"alignnone wp-image-16668 size-full\" src=\"https:\/\/sffd.ch\/wp-content\/uploads\/2019\/04\/Uyen_220x280-2.jpg\" alt=\"\" width=\"110\" height=\"140\" \/>[\/vc_column_text][\/vc_column][vc_column width=\u00a0\u00bb5\/6&Prime;][vc_separator type=\u00a0\u00bbtransparent\u00a0\u00bb][vc_column_text]<\/p>\n<h6>Prof. Dr. med. Uyen Huynh-Do, MME<\/h6>\n<p><a href=\"m&#97;&#105;&#108;&#x74;&#x6f;&#x3a;uy&#101;&#110;&#x2e;&#x68;&#x75;&#x79;nh&#45;&#100;&#x6f;&#x40;&#x69;&#x6e;s&#101;&#108;&#46;&#x63;&#x68;\">uyen&#46;huynh-d&#111;&#64;&#105;&#110;&#115;&#101;&#108;&#46;&#99;&#104;<\/a>[\/vc_column_text][\/vc_column][\/vc_row][vc_row css_animation=\u00a0\u00bb\u00a0\u00bb row_type=\u00a0\u00bbrow\u00a0\u00bb use_row_as_full_screen_section=\u00a0\u00bbno\u00a0\u00bb type=\u00a0\u00bbfull_width\u00a0\u00bb angled_section=\u00a0\u00bbno\u00a0\u00bb text_align=\u00a0\u00bbleft\u00a0\u00bb background_image_as_pattern=\u00a0\u00bbwithout_pattern\u00a0\u00bb][vc_column][vc_separator type=\u00a0\u00bbtransparent\u00a0\u00bb][vc_separator type=\u00a0\u00bbtransparent\u00a0\u00bb][\/vc_column][\/vc_row][vc_row css_animation=\u00a0\u00bb\u00a0\u00bb row_type=\u00a0\u00bbrow\u00a0\u00bb use_row_as_full_screen_section=\u00a0\u00bbno\u00a0\u00bb type=\u00a0\u00bbfull_width\u00a0\u00bb angled_section=\u00a0\u00bbno\u00a0\u00bb text_align=\u00a0\u00bbleft\u00a0\u00bb background_image_as_pattern=\u00a0\u00bbwithout_pattern\u00a0\u00bb][vc_column width=\u00a0\u00bb1\/6&Prime;][vc_column_text]<img loading=\"lazy\" decoding=\"async\" class=\"wp-image-15928 size-full alignleft\" src=\"https:\/\/sffd.ch\/wp-content\/uploads\/2017\/12\/palla_antonella.jpg\" alt=\"\" width=\"110\" height=\"140\" \/><br \/>\n[\/vc_column_text][\/vc_column][vc_column width=\u00a0\u00bb5\/6&Prime;][vc_separator type=\u00a0\u00bbtransparent\u00a0\u00bb][vc_column_text]<\/p>\n<h6>Dr. med. Antonella Palla<\/h6>\n<p><a href=\"&#x6d;&#x61;&#105;l&#x74;&#x6f;&#58;an&#x74;&#x6f;&#110;e&#x6c;&#x6c;&#97;&#46;p&#x61;&#x6c;&#108;a&#x40;&#x73;&#102;&#102;d&#x2e;&#x63;&#104;\">a&#110;&#x74;&#x6f;n&#101;&#x6c;&#x6c;a&#46;&#112;&#x61;&#x6c;l&#97;&#x40;&#x73;f&#102;&#x64;&#x2e;c&#104;<\/a>[\/vc_column_text][\/vc_column][\/vc_row][vc_row css_animation=\u00a0\u00bb\u00a0\u00bb row_type=\u00a0\u00bbrow\u00a0\u00bb use_row_as_full_screen_section=\u00a0\u00bbno\u00a0\u00bb type=\u00a0\u00bbfull_width\u00a0\u00bb angled_section=\u00a0\u00bbno\u00a0\u00bb text_align=\u00a0\u00bbleft\u00a0\u00bb background_image_as_pattern=\u00a0\u00bbwithout_pattern\u00a0\u00bb][vc_column][vc_separator type=\u00a0\u00bbtransparent\u00a0\u00bb][vc_separator type=\u00a0\u00bbtransparent\u00a0\u00bb][\/vc_column][\/vc_row][vc_row css_animation=\u00a0\u00bb\u00a0\u00bb row_type=\u00a0\u00bbrow\u00a0\u00bb use_row_as_full_screen_section=\u00a0\u00bbno\u00a0\u00bb type=\u00a0\u00bbfull_width\u00a0\u00bb angled_section=\u00a0\u00bbno\u00a0\u00bb text_align=\u00a0\u00bbleft\u00a0\u00bb background_image_as_pattern=\u00a0\u00bbwithout_pattern\u00a0\u00bb][vc_column][vc_widget_sidebar sidebar_id=\u00a0\u00bbsidebar\u00a0\u00bb][\/vc_column][\/vc_row]<\/p>\n<\/div>","protected":false},"excerpt":{"rendered":"<p>[vc_row css_animation=\u00a0\u00bb\u00a0\u00bb row_type=\u00a0\u00bbrow\u00a0\u00bb use_row_as_full_screen_section=\u00a0\u00bbno\u00a0\u00bb type=\u00a0\u00bbfull_width\u00a0\u00bb angled_section=\u00a0\u00bbno\u00a0\u00bb text_align=\u00a0\u00bbleft\u00a0\u00bb background_image_as_pattern=\u00a0\u00bbwithout_pattern\u00a0\u00bb][vc_column][vc_column_text] Vorstand [\/vc_column_text][vc_separator type=\u00a0\u00bbtransparent\u00a0\u00bb][vc_separator type=\u00a0\u00bbtransparent\u00a0\u00bb][\/vc_column][\/vc_row][vc_row css_animation=\u00a0\u00bb\u00a0\u00bb row_type=\u00a0\u00bbrow\u00a0\u00bb use_row_as_full_screen_section=\u00a0\u00bbno\u00a0\u00bb type=\u00a0\u00bbfull_width\u00a0\u00bb angled_section=\u00a0\u00bbno\u00a0\u00bb text_align=\u00a0\u00bbleft\u00a0\u00bb background_image_as_pattern=\u00a0\u00bbwithout_pattern\u00a0\u00bb z_index=\u00a0\u00bb\u00a0\u00bb][vc_column width=\u00a0\u00bb1\/6&Prime;][vc_column_text][\/vc_column_text][\/vc_column][vc_column width=\u00a0\u00bb5\/6&Prime;][vc_separator type=\u00a0\u00bbtransparent\u00a0\u00bb][vc_column_text] Pr\u00e9sident, PD Dr. med. Fr\u00e9d\u00e9ric Barbey &#x66;&#114;&#x65;&#x64;e&#x72;&#105;c&#x2e;&#98;a&#x72;&#98;&#x65;&#x79;&#64;&#x63;&#104;u&#x76;&#46;c&#x68;[\/vc_column_text][\/vc_column][\/vc_row][vc_row css_animation=\u00a0\u00bb\u00a0\u00bb row_type=\u00a0\u00bbrow\u00a0\u00bb use_row_as_full_screen_section=\u00a0\u00bbno\u00a0\u00bb type=\u00a0\u00bbfull_width\u00a0\u00bb angled_section=\u00a0\u00bbno\u00a0\u00bb text_align=\u00a0\u00bbleft\u00a0\u00bb background_image_as_pattern=\u00a0\u00bbwithout_pattern\u00a0\u00bb][vc_column][vc_separator type=\u00a0\u00bbtransparent\u00a0\u00bb][vc_separator type=\u00a0\u00bbtransparent\u00a0\u00bb][\/vc_column][\/vc_row][vc_row css_animation=\u00a0\u00bb\u00a0\u00bb row_type=\u00a0\u00bbrow\u00a0\u00bb use_row_as_full_screen_section=\u00a0\u00bbno\u00a0\u00bb type=\u00a0\u00bbfull_width\u00a0\u00bb angled_section=\u00a0\u00bbno\u00a0\u00bb text_align=\u00a0\u00bbleft\u00a0\u00bb&#8230;<\/p>\n","protected":false},"author":1,"featured_media":0,"parent":16177,"menu_order":0,"comment_status":"closed","ping_status":"closed","template":"","meta":{"footnotes":""},"class_list":["post-16204","page","type-page","status-publish","hentry"],"yoast_head":"<!-- This site is optimized with the Yoast SEO plugin v27.4 - https:\/\/yoast.com\/product\/yoast-seo-wordpress\/ -->\n<title>Conseil - SFFD<\/title>\n<meta name=\"robots\" content=\"index, follow, max-snippet:-1, max-image-preview:large, max-video-preview:-1\" \/>\n<link rel=\"canonical\" href=\"https:\/\/sffd.ch\/fr\/fondation-sffd\/conseil\/\" \/>\n<meta property=\"og:locale\" content=\"fr_FR\" \/>\n<meta property=\"og:type\" content=\"article\" \/>\n<meta property=\"og:title\" content=\"Conseil - SFFD\" \/>\n<meta property=\"og:description\" content=\"[vc_row css_animation=\u00a0\u00bb\u00a0\u00bb row_type=\u00a0\u00bbrow\u00a0\u00bb use_row_as_full_screen_section=\u00a0\u00bbno\u00a0\u00bb type=\u00a0\u00bbfull_width\u00a0\u00bb angled_section=\u00a0\u00bbno\u00a0\u00bb text_align=\u00a0\u00bbleft\u00a0\u00bb background_image_as_pattern=\u00a0\u00bbwithout_pattern\u00a0\u00bb][vc_column][vc_column_text] Vorstand [\/vc_column_text][vc_separator type=\u00a0\u00bbtransparent\u00a0\u00bb][vc_separator type=\u00a0\u00bbtransparent\u00a0\u00bb][\/vc_column][\/vc_row][vc_row css_animation=\u00a0\u00bb\u00a0\u00bb row_type=\u00a0\u00bbrow\u00a0\u00bb use_row_as_full_screen_section=\u00a0\u00bbno\u00a0\u00bb type=\u00a0\u00bbfull_width\u00a0\u00bb angled_section=\u00a0\u00bbno\u00a0\u00bb text_align=\u00a0\u00bbleft\u00a0\u00bb background_image_as_pattern=\u00a0\u00bbwithout_pattern\u00a0\u00bb z_index=\u00a0\u00bb\u00a0\u00bb][vc_column width=\u00a0\u00bb1\/6&Prime;][vc_column_text][\/vc_column_text][\/vc_column][vc_column width=\u00a0\u00bb5\/6&Prime;][vc_separator type=\u00a0\u00bbtransparent\u00a0\u00bb][vc_column_text] Pr\u00e9sident, PD Dr. med. Fr\u00e9d\u00e9ric Barbey &#x66;&#114;&#x65;&#100;e&#x72;&#105;c&#x2e;&#098;&#x61;&#x72;b&#x65;&#121;&#064;&#x63;&#104;&#x75;&#x76;&#046;&#x63;&#104;[\/vc_column_text][\/vc_column][\/vc_row][vc_row css_animation=\u00a0\u00bb\u00a0\u00bb row_type=\u00a0\u00bbrow\u00a0\u00bb use_row_as_full_screen_section=\u00a0\u00bbno\u00a0\u00bb type=\u00a0\u00bbfull_width\u00a0\u00bb angled_section=\u00a0\u00bbno\u00a0\u00bb text_align=\u00a0\u00bbleft\u00a0\u00bb background_image_as_pattern=\u00a0\u00bbwithout_pattern\u00a0\u00bb][vc_column][vc_separator type=\u00a0\u00bbtransparent\u00a0\u00bb][vc_separator type=\u00a0\u00bbtransparent\u00a0\u00bb][\/vc_column][\/vc_row][vc_row css_animation=\u00a0\u00bb\u00a0\u00bb row_type=\u00a0\u00bbrow\u00a0\u00bb use_row_as_full_screen_section=\u00a0\u00bbno\u00a0\u00bb type=\u00a0\u00bbfull_width\u00a0\u00bb angled_section=\u00a0\u00bbno\u00a0\u00bb text_align=\u00a0\u00bbleft\u00a0\u00bb...\" \/>\n<meta property=\"og:url\" content=\"https:\/\/sffd.ch\/fr\/fondation-sffd\/conseil\/\" \/>\n<meta property=\"og:site_name\" content=\"SFFD\" \/>\n<meta property=\"article:modified_time\" content=\"2022-11-24T18:00:43+00:00\" \/>\n<meta property=\"og:image\" content=\"https:\/\/sffd.ch\/wp-content\/uploads\/2017\/12\/albina_nowak.jpg\" \/>\n<meta name=\"twitter:card\" content=\"summary_large_image\" \/>\n<meta name=\"twitter:label1\" content=\"Dur\u00e9e de lecture estim\u00e9e\" \/>\n\t<meta name=\"twitter:data1\" content=\"3 minutes\" \/>\n<script type=\"application\/ld+json\" class=\"yoast-schema-graph\">{\"@context\":\"https:\\\/\\\/schema.org\",\"@graph\":[{\"@type\":\"WebPage\",\"@id\":\"https:\\\/\\\/sffd.ch\\\/fr\\\/fondation-sffd\\\/conseil\\\/\",\"url\":\"https:\\\/\\\/sffd.ch\\\/fr\\\/fondation-sffd\\\/conseil\\\/\",\"name\":\"Conseil - SFFD\",\"isPartOf\":{\"@id\":\"https:\\\/\\\/sffd.ch\\\/#website\"},\"primaryImageOfPage\":{\"@id\":\"https:\\\/\\\/sffd.ch\\\/fr\\\/fondation-sffd\\\/conseil\\\/#primaryimage\"},\"image\":{\"@id\":\"https:\\\/\\\/sffd.ch\\\/fr\\\/fondation-sffd\\\/conseil\\\/#primaryimage\"},\"thumbnailUrl\":\"https:\\\/\\\/sffd.ch\\\/wp-content\\\/uploads\\\/2017\\\/12\\\/albina_nowak.jpg\",\"datePublished\":\"2017-12-13T14:35:42+00:00\",\"dateModified\":\"2022-11-24T18:00:43+00:00\",\"breadcrumb\":{\"@id\":\"https:\\\/\\\/sffd.ch\\\/fr\\\/fondation-sffd\\\/conseil\\\/#breadcrumb\"},\"inLanguage\":\"fr-FR\",\"potentialAction\":[{\"@type\":\"ReadAction\",\"target\":[\"https:\\\/\\\/sffd.ch\\\/fr\\\/fondation-sffd\\\/conseil\\\/\"]}]},{\"@type\":\"ImageObject\",\"inLanguage\":\"fr-FR\",\"@id\":\"https:\\\/\\\/sffd.ch\\\/fr\\\/fondation-sffd\\\/conseil\\\/#primaryimage\",\"url\":\"https:\\\/\\\/sffd.ch\\\/wp-content\\\/uploads\\\/2017\\\/12\\\/albina_nowak.jpg\",\"contentUrl\":\"https:\\\/\\\/sffd.ch\\\/wp-content\\\/uploads\\\/2017\\\/12\\\/albina_nowak.jpg\"},{\"@type\":\"BreadcrumbList\",\"@id\":\"https:\\\/\\\/sffd.ch\\\/fr\\\/fondation-sffd\\\/conseil\\\/#breadcrumb\",\"itemListElement\":[{\"@type\":\"ListItem\",\"position\":1,\"name\":\"Startseite\",\"item\":\"https:\\\/\\\/sffd.ch\\\/fr\\\/\"},{\"@type\":\"ListItem\",\"position\":2,\"name\":\"Fondation\",\"item\":\"https:\\\/\\\/sffd.ch\\\/fr\\\/\"},{\"@type\":\"ListItem\",\"position\":3,\"name\":\"Conseil\"}]},{\"@type\":\"WebSite\",\"@id\":\"https:\\\/\\\/sffd.ch\\\/#website\",\"url\":\"https:\\\/\\\/sffd.ch\\\/\",\"name\":\"SFFD\",\"description\":\"Swiss Foundation of Fabry Disease\",\"potentialAction\":[{\"@type\":\"SearchAction\",\"target\":{\"@type\":\"EntryPoint\",\"urlTemplate\":\"https:\\\/\\\/sffd.ch\\\/?s={search_term_string}\"},\"query-input\":{\"@type\":\"PropertyValueSpecification\",\"valueRequired\":true,\"valueName\":\"search_term_string\"}}],\"inLanguage\":\"fr-FR\"}]}<\/script>\n<!-- \/ Yoast SEO plugin. -->","yoast_head_json":{"title":"Conseil - SFFD","robots":{"index":"index","follow":"follow","max-snippet":"max-snippet:-1","max-image-preview":"max-image-preview:large","max-video-preview":"max-video-preview:-1"},"canonical":"https:\/\/sffd.ch\/fr\/fondation-sffd\/conseil\/","og_locale":"fr_FR","og_type":"article","og_title":"Conseil - SFFD","og_description":"[vc_row css_animation=\u00a0\u00bb\u00a0\u00bb row_type=\u00a0\u00bbrow\u00a0\u00bb use_row_as_full_screen_section=\u00a0\u00bbno\u00a0\u00bb type=\u00a0\u00bbfull_width\u00a0\u00bb angled_section=\u00a0\u00bbno\u00a0\u00bb text_align=\u00a0\u00bbleft\u00a0\u00bb background_image_as_pattern=\u00a0\u00bbwithout_pattern\u00a0\u00bb][vc_column][vc_column_text] Vorstand [\/vc_column_text][vc_separator type=\u00a0\u00bbtransparent\u00a0\u00bb][vc_separator type=\u00a0\u00bbtransparent\u00a0\u00bb][\/vc_column][\/vc_row][vc_row css_animation=\u00a0\u00bb\u00a0\u00bb row_type=\u00a0\u00bbrow\u00a0\u00bb use_row_as_full_screen_section=\u00a0\u00bbno\u00a0\u00bb type=\u00a0\u00bbfull_width\u00a0\u00bb angled_section=\u00a0\u00bbno\u00a0\u00bb text_align=\u00a0\u00bbleft\u00a0\u00bb background_image_as_pattern=\u00a0\u00bbwithout_pattern\u00a0\u00bb z_index=\u00a0\u00bb\u00a0\u00bb][vc_column width=\u00a0\u00bb1\/6&Prime;][vc_column_text][\/vc_column_text][\/vc_column][vc_column width=\u00a0\u00bb5\/6&Prime;][vc_separator type=\u00a0\u00bbtransparent\u00a0\u00bb][vc_column_text] Pr\u00e9sident, PD Dr. med. Fr\u00e9d\u00e9ric Barbey &#x66;&#114;&#x65;&#100;e&#x72;&#105;c&#x2e;&#98;&#x61;&#x72;b&#x65;&#121;&#64;&#x63;&#104;&#x75;&#x76;&#46;&#x63;&#104;[\/vc_column_text][\/vc_column][\/vc_row][vc_row css_animation=\u00a0\u00bb\u00a0\u00bb row_type=\u00a0\u00bbrow\u00a0\u00bb use_row_as_full_screen_section=\u00a0\u00bbno\u00a0\u00bb type=\u00a0\u00bbfull_width\u00a0\u00bb angled_section=\u00a0\u00bbno\u00a0\u00bb text_align=\u00a0\u00bbleft\u00a0\u00bb background_image_as_pattern=\u00a0\u00bbwithout_pattern\u00a0\u00bb][vc_column][vc_separator type=\u00a0\u00bbtransparent\u00a0\u00bb][vc_separator type=\u00a0\u00bbtransparent\u00a0\u00bb][\/vc_column][\/vc_row][vc_row css_animation=\u00a0\u00bb\u00a0\u00bb row_type=\u00a0\u00bbrow\u00a0\u00bb use_row_as_full_screen_section=\u00a0\u00bbno\u00a0\u00bb type=\u00a0\u00bbfull_width\u00a0\u00bb angled_section=\u00a0\u00bbno\u00a0\u00bb text_align=\u00a0\u00bbleft\u00a0\u00bb...","og_url":"https:\/\/sffd.ch\/fr\/fondation-sffd\/conseil\/","og_site_name":"SFFD","article_modified_time":"2022-11-24T18:00:43+00:00","og_image":[{"url":"https:\/\/sffd.ch\/wp-content\/uploads\/2017\/12\/albina_nowak.jpg","type":"","width":"","height":""}],"twitter_card":"summary_large_image","twitter_misc":{"Dur\u00e9e de lecture estim\u00e9e":"3 minutes"},"schema":{"@context":"https:\/\/schema.org","@graph":[{"@type":"WebPage","@id":"https:\/\/sffd.ch\/fr\/fondation-sffd\/conseil\/","url":"https:\/\/sffd.ch\/fr\/fondation-sffd\/conseil\/","name":"Conseil - SFFD","isPartOf":{"@id":"https:\/\/sffd.ch\/#website"},"primaryImageOfPage":{"@id":"https:\/\/sffd.ch\/fr\/fondation-sffd\/conseil\/#primaryimage"},"image":{"@id":"https:\/\/sffd.ch\/fr\/fondation-sffd\/conseil\/#primaryimage"},"thumbnailUrl":"https:\/\/sffd.ch\/wp-content\/uploads\/2017\/12\/albina_nowak.jpg","datePublished":"2017-12-13T14:35:42+00:00","dateModified":"2022-11-24T18:00:43+00:00","breadcrumb":{"@id":"https:\/\/sffd.ch\/fr\/fondation-sffd\/conseil\/#breadcrumb"},"inLanguage":"fr-FR","potentialAction":[{"@type":"ReadAction","target":["https:\/\/sffd.ch\/fr\/fondation-sffd\/conseil\/"]}]},{"@type":"ImageObject","inLanguage":"fr-FR","@id":"https:\/\/sffd.ch\/fr\/fondation-sffd\/conseil\/#primaryimage","url":"https:\/\/sffd.ch\/wp-content\/uploads\/2017\/12\/albina_nowak.jpg","contentUrl":"https:\/\/sffd.ch\/wp-content\/uploads\/2017\/12\/albina_nowak.jpg"},{"@type":"BreadcrumbList","@id":"https:\/\/sffd.ch\/fr\/fondation-sffd\/conseil\/#breadcrumb","itemListElement":[{"@type":"ListItem","position":1,"name":"Startseite","item":"https:\/\/sffd.ch\/fr\/"},{"@type":"ListItem","position":2,"name":"Fondation","item":"https:\/\/sffd.ch\/fr\/"},{"@type":"ListItem","position":3,"name":"Conseil"}]},{"@type":"WebSite","@id":"https:\/\/sffd.ch\/#website","url":"https:\/\/sffd.ch\/","name":"SFFD","description":"Swiss Foundation of Fabry Disease","potentialAction":[{"@type":"SearchAction","target":{"@type":"EntryPoint","urlTemplate":"https:\/\/sffd.ch\/?s={search_term_string}"},"query-input":{"@type":"PropertyValueSpecification","valueRequired":true,"valueName":"search_term_string"}}],"inLanguage":"fr-FR"}]}},"_links":{"self":[{"href":"https:\/\/sffd.ch\/fr\/wp-json\/wp\/v2\/pages\/16204","targetHints":{"allow":["GET"]}}],"collection":[{"href":"https:\/\/sffd.ch\/fr\/wp-json\/wp\/v2\/pages"}],"about":[{"href":"https:\/\/sffd.ch\/fr\/wp-json\/wp\/v2\/types\/page"}],"author":[{"embeddable":true,"href":"https:\/\/sffd.ch\/fr\/wp-json\/wp\/v2\/users\/1"}],"replies":[{"embeddable":true,"href":"https:\/\/sffd.ch\/fr\/wp-json\/wp\/v2\/comments?post=16204"}],"version-history":[{"count":22,"href":"https:\/\/sffd.ch\/fr\/wp-json\/wp\/v2\/pages\/16204\/revisions"}],"predecessor-version":[{"id":17038,"href":"https:\/\/sffd.ch\/fr\/wp-json\/wp\/v2\/pages\/16204\/revisions\/17038"}],"up":[{"embeddable":true,"href":"https:\/\/sffd.ch\/fr\/wp-json\/wp\/v2\/pages\/16177"}],"wp:attachment":[{"href":"https:\/\/sffd.ch\/fr\/wp-json\/wp\/v2\/media?parent=16204"}],"curies":[{"name":"wp","href":"https:\/\/api.w.org\/{rel}","templated":true}]}}